{"id":12,"date":"2021-06-12T18:59:51","date_gmt":"2021-06-12T18:59:51","guid":{"rendered":"http:\/\/www.haniarefleksolog.pl\/?page_id=12"},"modified":"2023-07-05T16:42:46","modified_gmt":"2023-07-05T16:42:46","slug":"beautiful-portfolios-for-exceptional-creatives","status":"publish","type":"page","link":"https:\/\/www.haniarefleksolog.pl\/","title":{"rendered":"Strona g\u0142\u00f3wna"},"content":{"rendered":"\n<div class=\"wp-block-columns is-layout-flex wp-container-2\">\n<div class=\"wp-block-column is-layout-flow\" style=\"flex-basis:100%\"><ul class=\"wp-block-latest-posts__list is-grid columns-3 has-dates has-author wp-block-latest-posts\"><li><div class=\"wp-block-latest-posts__featured-image alignleft\"><a href=\"https:\/\/www.haniarefleksolog.pl\/index.php\/2023\/06\/19\/hello-world\/\" aria-label=\"Dobry nawyk\"><img width=\"150\" height=\"150\" src=\"https:\/\/www.haniarefleksolog.pl\/wp-content\/uploads\/2023\/07\/355105894_736779401789601_2205734326848905861_n-150x150.jpg\" class=\"attachment-thumbnail size-thumbnail wp-post-image\" alt=\"\" decoding=\"async\" loading=\"lazy\" style=\"\" srcset=\"https:\/\/www.haniarefleksolog.pl\/wp-content\/uploads\/2023\/07\/355105894_736779401789601_2205734326848905861_n-150x150.jpg 150w, https:\/\/www.haniarefleksolog.pl\/wp-content\/uploads\/2023\/07\/355105894_736779401789601_2205734326848905861_n-300x300.jpg 300w, https:\/\/www.haniarefleksolog.pl\/wp-content\/uploads\/2023\/07\/355105894_736779401789601_2205734326848905861_n-1024x1024.jpg 1024w, https:\/\/www.haniarefleksolog.pl\/wp-content\/uploads\/2023\/07\/355105894_736779401789601_2205734326848905861_n-768x768.jpg 768w, https:\/\/www.haniarefleksolog.pl\/wp-content\/uploads\/2023\/07\/355105894_736779401789601_2205734326848905861_n-270x270.jpg 270w, https:\/\/www.haniarefleksolog.pl\/wp-content\/uploads\/2023\/07\/355105894_736779401789601_2205734326848905861_n-230x230.jpg 230w, https:\/\/www.haniarefleksolog.pl\/wp-content\/uploads\/2023\/07\/355105894_736779401789601_2205734326848905861_n.jpg 1440w\" sizes=\"(max-width: 150px) 100vw, 150px\" \/><\/a><\/div><a class=\"wp-block-latest-posts__post-title\" href=\"https:\/\/www.haniarefleksolog.pl\/index.php\/2023\/06\/19\/hello-world\/\">Dobry nawyk<\/a><div class=\"wp-block-latest-posts__post-author\">przez admin<\/div><time datetime=\"2023-06-19T11:53:29+00:00\" class=\"wp-block-latest-posts__post-date\">19 czerwca, 2023<\/time><div class=\"wp-block-latest-posts__post-excerpt\">Codzienne spacerowanie niesie za sob\u0105 mn\u00f3stwo korzy\u015bci. Nawet kr\u00f3tki spacer sprzyja poprawnemu funkcjonowaniu uk\u0142adu sercowo-naczyniowego, ulepsza jako\u015b\u0107 snu, wzmacnia uk\u0142ad odporno\u015bciowy, przyspiesza usuwanie toksyn z organizmu. Obni\u017ca stres, poprawia humor oraz og\u00f3lne samopoczucie. Regularne wizyty u refleksologa, a tak\u017ce zabiegi na stopach, kt\u00f3re podczas spacer\u00f3w dzielnie nios\u0105 nas w stron\u0119 zdrowia, zapewniaj\u0105c niezb\u0119dn\u0105 stabilizacj\u0119, zwi\u0119ksz\u0105<\/div><\/li>\n<li><div class=\"wp-block-latest-posts__featured-image alignleft\"><a href=\"https:\/\/www.haniarefleksolog.pl\/index.php\/2023\/06\/16\/reakcje\/\" aria-label=\"Reakcje&#8230;\"><img width=\"150\" height=\"150\" src=\"https:\/\/www.haniarefleksolog.pl\/wp-content\/uploads\/2023\/06\/347261507_734334995367375_7681642331107115059_n-150x150.jpg\" class=\"attachment-thumbnail size-thumbnail wp-post-image\" alt=\"\" decoding=\"async\" loading=\"lazy\" style=\"\" srcset=\"https:\/\/www.haniarefleksolog.pl\/wp-content\/uploads\/2023\/06\/347261507_734334995367375_7681642331107115059_n-150x150.jpg 150w, https:\/\/www.haniarefleksolog.pl\/wp-content\/uploads\/2023\/06\/347261507_734334995367375_7681642331107115059_n-300x300.jpg 300w, https:\/\/www.haniarefleksolog.pl\/wp-content\/uploads\/2023\/06\/347261507_734334995367375_7681642331107115059_n-1024x1024.jpg 1024w, https:\/\/www.haniarefleksolog.pl\/wp-content\/uploads\/2023\/06\/347261507_734334995367375_7681642331107115059_n-768x768.jpg 768w, https:\/\/www.haniarefleksolog.pl\/wp-content\/uploads\/2023\/06\/347261507_734334995367375_7681642331107115059_n-1536x1536.jpg 1536w, https:\/\/www.haniarefleksolog.pl\/wp-content\/uploads\/2023\/06\/347261507_734334995367375_7681642331107115059_n-270x270.jpg 270w, https:\/\/www.haniarefleksolog.pl\/wp-content\/uploads\/2023\/06\/347261507_734334995367375_7681642331107115059_n-230x230.jpg 230w, https:\/\/www.haniarefleksolog.pl\/wp-content\/uploads\/2023\/06\/347261507_734334995367375_7681642331107115059_n.jpg 2048w\" sizes=\"(max-width: 150px) 100vw, 150px\" \/><\/a><\/div><a class=\"wp-block-latest-posts__post-title\" href=\"https:\/\/www.haniarefleksolog.pl\/index.php\/2023\/06\/16\/reakcje\/\">Reakcje&#8230;<\/a><div class=\"wp-block-latest-posts__post-author\">przez admin<\/div><time datetime=\"2023-06-16T11:54:48+00:00\" class=\"wp-block-latest-posts__post-date\">16 czerwca, 2023<\/time><div class=\"wp-block-latest-posts__post-excerpt\">Wczorajszy dzie\u0144 zabieg\u00f3w reflsksologii przyni\u00f3s\u0142 niesamowite owoce pracy Dwoje m\u0142odych rodzic\u00f3w, przyjecha\u0142o do mnie na zabieg z dw\u00f3jk\u0105 swoich dzieci, to najm\u0142odsze jest miesi\u0119cznym cudem tego \u015bwiata. Oboje rodzic\u00f3w potrzebuj\u0105cych wsparcia refleksologii, zastrzyku energii, poruszenia tego, co ukryte w emocjach i fizyczno\u015bci. Z klientk\u0105 pracujemy ju\u017c 3 zabieg, kiedy zg\u0142osi\u0142a si\u0119 do mnie tu\u017c po<\/div><\/li>\n<li><div class=\"wp-block-latest-posts__featured-image alignleft\"><a href=\"https:\/\/www.haniarefleksolog.pl\/index.php\/2023\/06\/07\/dotacja-na-szkolenie\/\" aria-label=\"Dotacja na szkolenie\"><img width=\"150\" height=\"150\" src=\"https:\/\/www.haniarefleksolog.pl\/wp-content\/uploads\/2023\/07\/351352886_136217309471742_7505387235054654610_n-150x150.jpg\" class=\"attachment-thumbnail size-thumbnail wp-post-image\" alt=\"\" decoding=\"async\" loading=\"lazy\" style=\"\" srcset=\"https:\/\/www.haniarefleksolog.pl\/wp-content\/uploads\/2023\/07\/351352886_136217309471742_7505387235054654610_n-150x150.jpg 150w, https:\/\/www.haniarefleksolog.pl\/wp-content\/uploads\/2023\/07\/351352886_136217309471742_7505387235054654610_n-300x300.jpg 300w, https:\/\/www.haniarefleksolog.pl\/wp-content\/uploads\/2023\/07\/351352886_136217309471742_7505387235054654610_n-1024x1024.jpg 1024w, https:\/\/www.haniarefleksolog.pl\/wp-content\/uploads\/2023\/07\/351352886_136217309471742_7505387235054654610_n-768x768.jpg 768w, https:\/\/www.haniarefleksolog.pl\/wp-content\/uploads\/2023\/07\/351352886_136217309471742_7505387235054654610_n-270x270.jpg 270w, https:\/\/www.haniarefleksolog.pl\/wp-content\/uploads\/2023\/07\/351352886_136217309471742_7505387235054654610_n-230x230.jpg 230w, https:\/\/www.haniarefleksolog.pl\/wp-content\/uploads\/2023\/07\/351352886_136217309471742_7505387235054654610_n.jpg 1440w\" sizes=\"(max-width: 150px) 100vw, 150px\" \/><\/a><\/div><a class=\"wp-block-latest-posts__post-title\" href=\"https:\/\/www.haniarefleksolog.pl\/index.php\/2023\/06\/07\/dotacja-na-szkolenie\/\">Dotacja na szkolenie<\/a><div class=\"wp-block-latest-posts__post-author\">przez admin<\/div><time datetime=\"2023-06-07T11:57:26+00:00\" class=\"wp-block-latest-posts__post-date\">7 czerwca, 2023<\/time><div class=\"wp-block-latest-posts__post-excerpt\">Wspania\u0142a wiadomo\u015b\u0107 dla wszystkich zainteresowanych zg\u0142\u0119bianiem niezwyk\u0142ego \u015bwiata refleksologii! Od jakiego\u015b czasu stnieje mo\u017cliwo\u015b\u0107 otrzymania dotacji na szkolenie z refleksologii st\u00f3p, r\u0105k, twarzy i g\u0142owy. Szkolenia s\u0105 cz\u0119\u015bci\u0105 nauki w Polski Instytut Refleksologii, kt\u00f3ry od roku 2000 jest cz\u0142onkiem Europejskiej Organizacji Refleksolog\u00f3w RIEN. Dyplom uko\u0144czenia kszta\u0142cenia w Polskim Instytucie Refleksologii PIR upowa\u017cnia do pracy jako<\/div><\/li>\n<\/ul><\/div>\n<\/div>\n\n\n\n<div class=\"wp-block-group alignfull has-white-background-color has-background has-small-font-size is-layout-flow\"><div class=\"wp-block-group__inner-container\">\n<div class=\"wp-block-columns is-layout-flex wp-container-8\">\n<div class=\"wp-block-column is-layout-flow\" style=\"flex-basis:5px\"><\/div>\n\n\n\n<div class=\"wp-block-column is-vertically-aligned-center has-vivid-green-cyan-color has-text-color is-layout-flow\">\n<h2 class=\"wp-block-heading has-text-color\" style=\"color:#0fbe7c;font-style:normal;font-weight:800;text-transform:none\"><strong>O refleksologii<\/strong><\/h2>\n\n\n\n<p class=\"has-text-color has-medium-font-size\" style=\"color:#686868\">Refleksologia \u2013 jest to nauka o refleksach, kt\u00f3re znajduj\u0105 si\u0119 w stopach i w d\u0142oniach i maj\u0105 bezpo\u015brednie po\u0142\u0105czenie ze wszystkimi gruczo\u0142ami, organami i cz\u0119\u015bciami cia\u0142a. Jest to unikalna metoda chodzenia kciukiem i palcami po tych refleksach. To jest absolutne cudo \u017cycia, to jest pasja, to jest rado\u015b\u0107, to jest dobre zdrowie, to jest m\u0105dro\u015b\u0107 pracy ludzkiego cia\u0142a, \u017cycie w zgodzie z samym sob\u0105.<\/p>\n\n\n\n<p class=\"has-text-color has-medium-font-size\" style=\"color:#686868\">Jest to metoda bezinwazyjna i ca\u0142kowicie bezpieczna. Pobudza albo wycisza prac\u0119 cia\u0142a cz\u0142owieka. Zatem mo\u017ce by\u0107 stosowana dla os\u00f3b w ka\u017cdym wieku.<\/p>\n\n\n\n<div class=\"wp-block-buttons is-horizontal is-content-justification-left is-layout-flex wp-container-4\">\n<div class=\"wp-block-button is-style-fill\"><a class=\"wp-block-button__link has-white-color has-text-color has-background wp-element-button\" href=\"#\" style=\"background-color:#0fbe7c\">Dowiedz si\u0119 wi\u0119cej<\/a><\/div>\n<\/div>\n<\/div>\n\n\n\n<div class=\"wp-block-column is-layout-flow\">\n<div style=\"height:48px\" aria-hidden=\"true\" class=\"wp-block-spacer\"><\/div>\n\n\n\n<figure class=\"wp-block-image size-large is-resized\"><img decoding=\"async\" loading=\"lazy\" src=\"http:\/\/www.haniarefleksolog.pl\/wp-content\/uploads\/2021\/06\/massage-reference-charts-art_4460x4460-1024x683.jpg\" alt=\"\" class=\"wp-image-53\" width=\"596\" height=\"397\" srcset=\"https:\/\/www.haniarefleksolog.pl\/wp-content\/uploads\/2021\/06\/massage-reference-charts-art_4460x4460-1024x683.jpg 1024w, https:\/\/www.haniarefleksolog.pl\/wp-content\/uploads\/2021\/06\/massage-reference-charts-art_4460x4460-300x200.jpg 300w, https:\/\/www.haniarefleksolog.pl\/wp-content\/uploads\/2021\/06\/massage-reference-charts-art_4460x4460-768x512.jpg 768w, https:\/\/www.haniarefleksolog.pl\/wp-content\/uploads\/2021\/06\/massage-reference-charts-art_4460x4460-1536x1025.jpg 1536w, https:\/\/www.haniarefleksolog.pl\/wp-content\/uploads\/2021\/06\/massage-reference-charts-art_4460x4460-2048x1366.jpg 2048w\" sizes=\"(max-width: 596px) 100vw, 596px\" \/><\/figure>\n<\/div>\n\n\n\n<div class=\"wp-block-column is-layout-flow\" style=\"flex-basis:5px\"><\/div>\n<\/div>\n<\/div><\/div>\n\n\n\n<div class=\"wp-block-group alignfull has-white-background-color has-text-color has-background has-small-font-size is-layout-flow\" style=\"color:#0c056d\"><div class=\"wp-block-group__inner-container\">\n<div class=\"wp-block-columns are-vertically-aligned-center is-layout-flex wp-container-15\">\n<div class=\"wp-block-column is-layout-flow\" style=\"flex-basis:5px\"><\/div>\n\n\n\n<div class=\"wp-block-column is-vertically-aligned-center is-layout-flow\">\n<div style=\"height:48px\" aria-hidden=\"true\" class=\"wp-block-spacer\"><\/div>\n\n\n\n<figure class=\"wp-block-image size-large\"><img decoding=\"async\" loading=\"lazy\" width=\"1024\" height=\"671\" src=\"http:\/\/www.haniarefleksolog.pl\/wp-content\/uploads\/2021\/06\/Reflexology-1024x671.jpg\" alt=\"\" class=\"wp-image-55\" srcset=\"https:\/\/www.haniarefleksolog.pl\/wp-content\/uploads\/2021\/06\/Reflexology-1024x671.jpg 1024w, https:\/\/www.haniarefleksolog.pl\/wp-content\/uploads\/2021\/06\/Reflexology-300x197.jpg 300w, https:\/\/www.haniarefleksolog.pl\/wp-content\/uploads\/2021\/06\/Reflexology-768x503.jpg 768w, https:\/\/www.haniarefleksolog.pl\/wp-content\/uploads\/2021\/06\/Reflexology-1536x1007.jpg 1536w, https:\/\/www.haniarefleksolog.pl\/wp-content\/uploads\/2021\/06\/Reflexology.jpg 2048w\" sizes=\"(max-width: 1024px) 100vw, 1024px\" \/><\/figure>\n<\/div>\n\n\n\n<div class=\"wp-block-column is-vertically-aligned-center is-layout-flow\">\n<h2 class=\"wp-block-heading has-text-color\" style=\"color:#0fbe7c\"><strong>Nasze stopy m\u00f3wi\u0105<\/strong><\/h2>\n\n\n\n<p class=\"has-text-color has-medium-font-size\" style=\"color:#686868\">Refleksy to lustrzane odbicie pracy cia\u0142a w stopach i r\u0119kach. Stopa jest to miniaturowe cia\u0142o cz\u0142owieka. Nasze stopy m\u00f3wi\u0105 nam, alarmuj\u0105 ju\u017c nawet 3 lata wcze\u015bniej, je\u015bli s\u0105 niedomagania w naszym organizmie, kt\u00f3re mog\u0105 prowadzi\u0107 do choroby. Ich mowa to sw\u0119dzenie, b\u00f3l, pieczenie, naro\u015bni\u0119ty, stwardnia\u0142y nask\u00f3rek, fioletowe stopy, jak rozlaz\u0142e ciasto, wyblak\u0142e, porysowane bruzdami. Wa\u017cne jest, aby szybko zareagowa\u0107 na te sygna\u0142y, gdy\u017c to jest wo\u0142anie o pomoc. Nauczmy si\u0119 ich s\u0142ucha\u0107.<\/p>\n\n\n\n<div class=\"wp-block-buttons is-layout-flex\">\n<div class=\"wp-block-button is-style-fill\"><a class=\"wp-block-button__link has-white-color has-text-color has-background wp-element-button\" href=\"#\" style=\"background-color:#0fbe7c\">Dowiedz si\u0119 wi\u0119cej<\/a><\/div>\n<\/div>\n<\/div>\n\n\n\n<div class=\"wp-block-column is-layout-flow\" style=\"flex-basis:5px\"><\/div>\n<\/div>\n<\/div><\/div>\n\n\n\n<div class=\"wp-block-group alignfull has-white-background-color has-text-color has-background is-layout-flow\" style=\"color:#0c056d\"><div class=\"wp-block-group__inner-container\">\n<h2 class=\"wp-block-heading has-text-align-center has-text-color\" style=\"color:#0fbe7c\"><strong>Rodzaje refleksologii<\/strong><\/h2>\n\n\n\n<div class=\"wp-block-columns is-layout-flex wp-container-22\">\n<div class=\"wp-block-column is-layout-flow\" style=\"flex-basis:5px\"><\/div>\n\n\n\n<div class=\"wp-block-column is-layout-flow\">\n<figure class=\"wp-block-image size-large\"><img decoding=\"async\" loading=\"lazy\" width=\"1024\" height=\"682\" src=\"http:\/\/www.haniarefleksolog.pl\/wp-content\/uploads\/2021\/06\/foot-massage-2277450_1920-1-1024x682.jpg\" alt=\"\" class=\"wp-image-66\" srcset=\"https:\/\/www.haniarefleksolog.pl\/wp-content\/uploads\/2021\/06\/foot-massage-2277450_1920-1-1024x682.jpg 1024w, https:\/\/www.haniarefleksolog.pl\/wp-content\/uploads\/2021\/06\/foot-massage-2277450_1920-1-300x200.jpg 300w, https:\/\/www.haniarefleksolog.pl\/wp-content\/uploads\/2021\/06\/foot-massage-2277450_1920-1-768x512.jpg 768w, https:\/\/www.haniarefleksolog.pl\/wp-content\/uploads\/2021\/06\/foot-massage-2277450_1920-1-1536x1023.jpg 1536w, https:\/\/www.haniarefleksolog.pl\/wp-content\/uploads\/2021\/06\/foot-massage-2277450_1920-1.jpg 1920w\" sizes=\"(max-width: 1024px) 100vw, 1024px\" \/><\/figure>\n\n\n\n<h3 class=\"wp-block-heading has-text-align-center has-text-color\" style=\"color:#0fbe7c\"><strong>Refleksologia st\u00f3p<\/strong><\/h3>\n<\/div>\n\n\n\n<div class=\"wp-block-column is-layout-flow\">\n<figure class=\"wp-block-image size-large\"><img decoding=\"async\" loading=\"lazy\" width=\"1024\" height=\"683\" src=\"http:\/\/www.haniarefleksolog.pl\/wp-content\/uploads\/2021\/06\/massage-1929064_1920-1024x683.jpg\" alt=\"\" class=\"wp-image-67\" srcset=\"https:\/\/www.haniarefleksolog.pl\/wp-content\/uploads\/2021\/06\/massage-1929064_1920-1024x683.jpg 1024w, https:\/\/www.haniarefleksolog.pl\/wp-content\/uploads\/2021\/06\/massage-1929064_1920-300x200.jpg 300w, https:\/\/www.haniarefleksolog.pl\/wp-content\/uploads\/2021\/06\/massage-1929064_1920-768x512.jpg 768w, https:\/\/www.haniarefleksolog.pl\/wp-content\/uploads\/2021\/06\/massage-1929064_1920-1536x1024.jpg 1536w, https:\/\/www.haniarefleksolog.pl\/wp-content\/uploads\/2021\/06\/massage-1929064_1920.jpg 1920w\" sizes=\"(max-width: 1024px) 100vw, 1024px\" \/><\/figure>\n\n\n\n<h3 class=\"wp-block-heading has-text-align-center has-text-color\" style=\"color:#0fbe7c\"><strong>Refleksologia twarzy i g\u0142owy<\/strong><\/h3>\n<\/div>\n\n\n\n<div class=\"wp-block-column is-layout-flow\">\n<figure class=\"wp-block-image size-full is-resized\"><img decoding=\"async\" loading=\"lazy\" src=\"http:\/\/www.haniarefleksolog.pl\/wp-content\/uploads\/2021\/06\/53229665_1199259330249849_9041794679439360000_n2-1.jpg\" alt=\"\" class=\"wp-image-70\" width=\"367\" height=\"246\"\/><\/figure>\n\n\n\n<h3 class=\"wp-block-heading has-text-align-center has-text-color\" style=\"color:#0fbe7c\"><strong>Refleksologia r\u0105k<\/strong><\/h3>\n<\/div>\n\n\n\n<div class=\"wp-block-column is-layout-flow\" style=\"flex-basis:5px\"><\/div>\n<\/div>\n\n\n\n<div class=\"wp-block-columns is-layout-flex wp-container-28\">\n<div class=\"wp-block-column is-layout-flow\" style=\"flex-basis:5px\"><\/div>\n\n\n\n<div class=\"wp-block-column is-layout-flow\">\n<p><span style=\"color: #686868;\">Co to jest refleksologia. Refleksologia \u2013 jest to nauka o refleksach, kt\u00f3re znajduj\u0105 si\u0119 w stopach i w d\u0142oniach i maj\u0105 bezpo\u015brednie po\u0142\u0105czenie ze wszystkimi gruczo\u0142ami, organami i cz\u0119\u015bciami cia\u0142a. \u2026<\/span><\/p>\n<\/div>\n\n\n\n<div class=\"wp-block-column is-layout-flow\">\n<p><span style=\"color: #686868;\">Refleksologia st\u00f3p i r\u0105k pomaga w: Obni\u017ceniu stresu i napi\u0119cia nerwowego Usprawnianiu pracy krwiobiegu w naturalnym przywr\u00f3ceniu balansu biologicznego Likwidowaniu b\u00f3lu Pobudzaniu uk\u0142adu odporno\u015bciowego Oczyszczaniu organizm z toksyn i z\u0142og\u00f3w \u2026<\/span><\/p>\n<\/div>\n\n\n\n<div class=\"wp-block-column is-layout-flow\">\n<p><span style=\"color: #686868;\">Praca na twarzy i g\u0142owie jest pewn\u0105 form\u0105 masa\u017cu terapeutycznego, gdzie zostaj\u0105 pobudzone punkty akupresurowe, kt\u00f3re odpowiadaj\u0105 wszystkim narz\u0105dom i cz\u0119\u015bciom cia\u0142a. Stymulacja tych punkt\u00f3w uaktywnia procesy samouzdrowienia organizmu. Jest \u2026<\/span><\/p>\n<\/div>\n\n\n\n<div class=\"wp-block-column is-layout-flow\" style=\"flex-basis:5px\"><\/div>\n<\/div>\n<\/div><\/div>\n\n\n\n<div class=\"wp-block-cover alignfull is-light has-parallax is-position-center-center\" style=\"min-height:375px\"><span aria-hidden=\"true\" class=\"wp-block-cover__background has-black-background-color has-background-dim-40 has-background-dim\"><\/span><div role=\"img\" class=\"wp-block-cover__image-background wp-image-11 has-parallax\" style=\"background-position:50% 50%;background-image:url(http:\/\/www.haniarefleksolog.pl\/wp-content\/uploads\/2021\/06\/StockSnap_M6D1GS9PSL-1.jpg)\"><\/div><div class=\"wp-block-cover__inner-container\">\n<p class=\"has-text-align-center has-text-color has-huge-font-size\" style=\"color:#fffffa;line-height:1.1\"><strong>Refleksologia<\/strong><\/p>\n\n\n\n<p class=\"has-text-align-center has-white-color has-text-color has-medium-font-size\">Zadbaj o swoje Cia\u0142o, Umys\u0142 i Ducha (CUD)&#8230;<\/p>\n\n\n\n<div style=\"height:39px\" aria-hidden=\"true\" class=\"wp-block-spacer\"><\/div>\n\n\n\n<div class=\"wp-block-buttons is-horizontal is-content-justification-center is-layout-flex wp-container-30\">\n<div class=\"wp-block-button is-style-outline\"><a class=\"wp-block-button__link has-white-color has-text-color wp-element-button\" href=\"mailto:kontakt@haniarefleksolog.pl\">Napisz<\/a><\/div>\n<\/div>\n<\/div><\/div>\n\n\n\n<p><\/p>\n","protected":false},"excerpt":{"rendered":"<p>O refleksologii Refleksologia \u2013 jest to nauka o refleksach, kt\u00f3re znajduj\u0105 si\u0119 w stopach i w d\u0142oniach i maj\u0105 bezpo\u015brednie po\u0142\u0105czenie ze wszystkimi gruczo\u0142ami, organami i cz\u0119\u015bciami cia\u0142a. Jest to unikalna metoda chodzenia kciukiem i palcami po tych refleksach. To<\/p>\n","protected":false},"author":1,"featured_media":0,"parent":0,"menu_order":0,"comment_status":"closed","ping_status":"closed","template":"","meta":[],"_links":{"self":[{"href":"https:\/\/www.haniarefleksolog.pl\/index.php\/wp-json\/wp\/v2\/pages\/12"}],"collection":[{"href":"https:\/\/www.haniarefleksolog.pl\/index.php\/wp-json\/wp\/v2\/pages"}],"about":[{"href":"https:\/\/www.haniarefleksolog.pl\/index.php\/wp-json\/wp\/v2\/types\/page"}],"author":[{"embeddable":true,"href":"https:\/\/www.haniarefleksolog.pl\/index.php\/wp-json\/wp\/v2\/users\/1"}],"replies":[{"embeddable":true,"href":"https:\/\/www.haniarefleksolog.pl\/index.php\/wp-json\/wp\/v2\/comments?post=12"}],"version-history":[{"count":35,"href":"https:\/\/www.haniarefleksolog.pl\/index.php\/wp-json\/wp\/v2\/pages\/12\/revisions"}],"predecessor-version":[{"id":154,"href":"https:\/\/www.haniarefleksolog.pl\/index.php\/wp-json\/wp\/v2\/pages\/12\/revisions\/154"}],"wp:attachment":[{"href":"https:\/\/www.haniarefleksolog.pl\/index.php\/wp-json\/wp\/v2\/media?parent=12"}],"curies":[{"name":"wp","href":"https:\/\/api.w.org\/{rel}","templated":true}]}}